{"id":797,"date":"2024-03-29T15:41:54","date_gmt":"2024-03-29T13:41:54","guid":{"rendered":"https:\/\/vienkiemis.lt\/?page_id=797"},"modified":"2025-04-03T21:24:15","modified_gmt":"2025-04-03T18:24:15","slug":"pirkimo-taisykles","status":"publish","type":"page","link":"https:\/\/vienkiemis.lt\/en\/pirkimo-taisykles\/","title":{"rendered":"Pirkimo taisykl\u0117s"},"content":{"rendered":"<section class=\"section dark\" id=\"section_813931972\">\n\t\t<div class=\"section-bg fill\" >\n\t\t\t<img loading=\"lazy\" decoding=\"async\" width=\"1541\" height=\"700\" src=\"https:\/\/vienkiemis.lt\/wp-content\/uploads\/2023\/04\/PGR-BNR-1.jpg\" class=\"bg attachment-original size-original\" alt=\"\" \/>\t\t\t\t\t\t<div class=\"section-bg-overlay absolute fill\"><\/div>\n\t\t\t\n\n\t\t<\/div>\n\n\t\t\n\n\t\t<div class=\"section-content relative\">\n\t\t\t\n\n<div class=\"row\"  id=\"row-1104474991\">\n\n\n\t<div id=\"col-32252252\" class=\"col small-12 large-12\"  >\n\t\t\t\t<div class=\"col-inner text-shadow-2\"  >\n\t\t\t\n\t\t\t\n\n\t<div id=\"text-2204013551\" class=\"text\">\n\t\t\n\n<h3>Pirkimo taisykl\u0117s<\/h3>\n\n\t\t\n<style>\n#text-2204013551 {\n  font-size: 1.8rem;\n}\n<\/style>\n\t<\/div>\n\t\n\n\t\t<\/div>\n\t\t\t\t\n<style>\n#col-32252252 > .col-inner {\n  margin: 0px 0px -48px 0px;\n}\n<\/style>\n\t<\/div>\n\n\t\n\n<\/div>\n\n\t\t<\/div>\n\n\t\t\n<style>\n#section_813931972 {\n  padding-top: 40px;\n  padding-bottom: 40px;\n  background-color: rgb(255, 255, 255);\n}\n#section_813931972 .section-bg-overlay {\n  background-color: rgba(0, 0, 0, 0.256);\n}\n<\/style>\n\t<\/section>\n\t\n\n\t<section class=\"section\" id=\"section_81281586\">\n\t\t<div class=\"section-bg fill\" >\n\t\t\t\t\t\t\t\t\t\n\t\t\t\n\n\t\t<\/div>\n\n\t\t\n\n\t\t<div class=\"section-content relative\">\n\t\t\t\n\n<div class=\"row\"  id=\"row-170932557\">\n\n\n\t<div id=\"col-717778290\" class=\"col small-12 large-12\"  >\n\t\t\t\t<div class=\"col-inner text-left\"  >\n\t\t\t\n\t\t\t\n\n<p>Atsiskaityti galima naudojantis Swedbank, Seb, Luminor, Citadele ir \u0160iauli\u0173 bank\u0173 elektronin\u0117s bankininkyst\u0117s paslaugomis. Atsiskaitymai galimi euro valiuta.<\/p>\n<p>Mok\u0117jimai apdorojami naudojantis MakeCommerce.lt mok\u0117jim\u0173 platforma.<\/p>\n\n\t\t<\/div>\n\t\t\t\t\n<style>\n#col-717778290 > .col-inner {\n  margin: 0px 0px -44px 0px;\n}\n<\/style>\n\t<\/div>\n\n\t\n\n<\/div>\n\n\t\t<\/div>\n\n\t\t\n<style>\n#section_81281586 {\n  padding-top: 40px;\n  padding-bottom: 40px;\n}\n<\/style>\n\t<\/section>","protected":false},"excerpt":{"rendered":"","protected":false},"author":1,"featured_media":0,"parent":0,"menu_order":0,"comment_status":"closed","ping_status":"closed","template":"page-blank.php","meta":{"_monsterinsights_skip_tracking":false,"_monsterinsights_sitenote_active":false,"_monsterinsights_sitenote_note":"","_monsterinsights_sitenote_category":0,"footnotes":""},"class_list":["post-797","page","type-page","status-publish","hentry"],"_links":{"self":[{"href":"https:\/\/vienkiemis.lt\/en\/wp-json\/wp\/v2\/pages\/797","targetHints":{"allow":["GET"]}}],"collection":[{"href":"https:\/\/vienkiemis.lt\/en\/wp-json\/wp\/v2\/pages"}],"about":[{"href":"https:\/\/vienkiemis.lt\/en\/wp-json\/wp\/v2\/types\/page"}],"author":[{"embeddable":true,"href":"https:\/\/vienkiemis.lt\/en\/wp-json\/wp\/v2\/users\/1"}],"replies":[{"embeddable":true,"href":"https:\/\/vienkiemis.lt\/en\/wp-json\/wp\/v2\/comments?post=797"}],"version-history":[{"count":7,"href":"https:\/\/vienkiemis.lt\/en\/wp-json\/wp\/v2\/pages\/797\/revisions"}],"predecessor-version":[{"id":806,"href":"https:\/\/vienkiemis.lt\/en\/wp-json\/wp\/v2\/pages\/797\/revisions\/806"}],"wp:attachment":[{"href":"https:\/\/vienkiemis.lt\/en\/wp-json\/wp\/v2\/media?parent=797"}],"curies":[{"name":"wp","href":"https:\/\/api.w.org\/{rel}","templated":true}]}}